{"id":13,"date":"2021-07-09T10:59:15","date_gmt":"2021-07-09T10:59:15","guid":{"rendered":"http:\/\/localhost\/txukun\/?page_id=13"},"modified":"2021-11-05T12:29:07","modified_gmt":"2021-11-05T12:29:07","slug":"diseno-y-construccion","status":"publish","type":"page","link":"https:\/\/piscinastxukun.com\/fr\/diseno-y-construccion\/","title":{"rendered":"Design et construction"},"content":{"rendered":"<p><\/p>\n<h2>Nous concr\u00e9tisons la piscine parfaite pour toute la famille <\/h2>\n<p>Transmettez-nous vos id\u00e9es et chez piscinas Txukun nous ferons de votre r\u00eave une r\u00e9alit\u00e9. Nous sommes des experts dans le design de piscines et nous vous aiderons \u00e0 configurer votre espace ext\u00e9rieur avec un plan de construction progressif pour l\u2019int\u00e9grer dans l\u2019espace dont vous disposez. Nous nous adaptons \u00e0 tout type de terrains, en offrant toujours la meilleure solution \u00e0 chaque cas particulier.<\/p>\n<p>Nous disposons de deux types de produit:<\/p>\n<ul>\n<li>\n<i class=\"bx bx-check\"><\/i>Piscines de chantier: hautement personnalisables et durables, faites sur mesure et adapt\u00e9es \u00e0 votre espace, cr\u00e9ant une ambiance qui vous surprendra.\n<\/li>\n<li>\n<i class=\"bx bx-check\"><\/i>Piscines pr\u00e9fabriqu\u00e9es: avec une grande vari\u00e9t\u00e9 de formes et de tailles et une installation plus rapide. Une solution id\u00e9ale pour des budgets plus ajust\u00e9s.\n<\/li>\n<\/ul>\n<p><\/p>","protected":false},"excerpt":{"rendered":"<p>Nous concr\u00e9tisons la piscine parfaite pour toute la famille Transmettez-nous vos id\u00e9es et chez piscinas Txukun nous ferons de votre r\u00eave une r\u00e9alit\u00e9. Nous sommes des experts dans le design de piscines [&hellip;]<\/p>\n","protected":false},"author":2,"featured_media":68,"parent":0,"menu_order":0,"comment_status":"closed","ping_status":"closed","template":"","meta":{"_acf_changed":false,"footnotes":""},"class_list":["post-13","page","type-page","status-publish","has-post-thumbnail","hentry"],"acf":[],"yoast_head":"<!-- This site is optimized with the Yoast SEO plugin v27.6 - https:\/\/yoast.com\/product\/yoast-seo-wordpress\/ -->\n<title>Dise\u00f1o y Construcci\u00f3n de Piscinas - Piscinas Txukun<\/title>\n<meta name=\"description\" content=\"En Txukun Piscinas construimos piscinas adaptadas a tus necesidades. Piscinas prefabricadas o piscinas de obra totalmente personalizables y a medida con el dise\u00f1o que te guste\" \/>\n<meta name=\"robots\" content=\"index, follow, max-snippet:-1, max-image-preview:large, max-video-preview:-1\" \/>\n<link rel=\"canonical\" href=\"https:\/\/piscinastxukun.com\/fr\/diseno-y-construccion\/\" \/>\n<meta property=\"og:locale\" content=\"fr_FR\" \/>\n<meta property=\"og:type\" content=\"article\" \/>\n<meta property=\"og:title\" content=\"Dise\u00f1o y Construcci\u00f3n de Piscinas - Piscinas Txukun\" \/>\n<meta property=\"og:description\" content=\"En Txukun Piscinas construimos piscinas adaptadas a tus necesidades. Piscinas prefabricadas o piscinas de obra totalmente personalizables y a medida con el dise\u00f1o que te guste\" \/>\n<meta property=\"og:url\" content=\"https:\/\/piscinastxukun.com\/fr\/diseno-y-construccion\/\" \/>\n<meta property=\"og:site_name\" content=\"Piscinas Txukun\" \/>\n<meta property=\"article:modified_time\" content=\"2021-11-05T12:29:07+00:00\" \/>\n<meta property=\"og:image\" content=\"https:\/\/piscinastxukun.com\/wp-content\/uploads\/2021\/07\/construccion.jpg\" \/>\n\t<meta property=\"og:image:width\" content=\"767\" \/>\n\t<meta property=\"og:image:height\" content=\"536\" \/>\n\t<meta property=\"og:image:type\" content=\"image\/jpeg\" \/>\n<meta name=\"twitter:card\" content=\"summary_large_image\" \/>\n<meta name=\"twitter:label1\" content=\"Dur\u00e9e de lecture estim\u00e9e\" \/>\n\t<meta name=\"twitter:data1\" content=\"1 minute\" \/>\n<script type=\"application\/ld+json\" class=\"yoast-schema-graph\">{\"@context\":\"https:\\\/\\\/schema.org\",\"@graph\":[{\"@type\":\"WebPage\",\"@id\":\"https:\\\/\\\/piscinastxukun.com\\\/fr\\\/diseno-y-construccion\\\/\",\"url\":\"https:\\\/\\\/piscinastxukun.com\\\/fr\\\/diseno-y-construccion\\\/\",\"name\":\"Dise\u00f1o y Construcci\u00f3n de Piscinas - Piscinas Txukun\",\"isPartOf\":{\"@id\":\"https:\\\/\\\/piscinastxukun.com\\\/fr\\\/#website\"},\"primaryImageOfPage\":{\"@id\":\"https:\\\/\\\/piscinastxukun.com\\\/fr\\\/diseno-y-construccion\\\/#primaryimage\"},\"image\":{\"@id\":\"https:\\\/\\\/piscinastxukun.com\\\/diseno-y-construccion\\\/#primaryimage\"},\"thumbnailUrl\":\"https:\\\/\\\/piscinastxukun.com\\\/wp-content\\\/uploads\\\/2021\\\/07\\\/construccion.jpg\",\"datePublished\":\"2021-07-09T10:59:15+00:00\",\"dateModified\":\"2021-11-05T12:29:07+00:00\",\"description\":\"En Txukun Piscinas construimos piscinas adaptadas a tus necesidades. Piscinas prefabricadas o piscinas de obra totalmente personalizables y a medida con el dise\u00f1o que te guste\",\"breadcrumb\":{\"@id\":\"https:\\\/\\\/piscinastxukun.com\\\/fr\\\/diseno-y-construccion\\\/#breadcrumb\"},\"inLanguage\":\"fr-FR\",\"potentialAction\":[{\"@type\":\"ReadAction\",\"target\":[[\"https:\\\/\\\/piscinastxukun.com\\\/fr\\\/diseno-y-construccion\\\/\"]]}]},{\"@type\":\"ImageObject\",\"inLanguage\":\"fr-FR\",\"@id\":\"https:\\\/\\\/piscinastxukun.com\\\/fr\\\/diseno-y-construccion\\\/#primaryimage\",\"url\":\"https:\\\/\\\/piscinastxukun.com\\\/wp-content\\\/uploads\\\/2021\\\/07\\\/construccion.jpg\",\"contentUrl\":\"https:\\\/\\\/piscinastxukun.com\\\/wp-content\\\/uploads\\\/2021\\\/07\\\/construccion.jpg\",\"width\":767,\"height\":536,\"caption\":\"Happy child playing with father in blue water of swimming pool on a tropical resort at the sea. Summer vacations concept\"},{\"@type\":\"BreadcrumbList\",\"@id\":\"https:\\\/\\\/piscinastxukun.com\\\/fr\\\/diseno-y-construccion\\\/#breadcrumb\",\"itemListElement\":[{\"@type\":\"ListItem\",\"position\":1,\"name\":\"Portada\",\"item\":\"https:\\\/\\\/piscinastxukun.com\\\/fr\\\/\"},{\"@type\":\"ListItem\",\"position\":2,\"name\":\"Dise\u00f1o y construcci\u00f3n\"}]},{\"@type\":\"WebSite\",\"@id\":\"https:\\\/\\\/piscinastxukun.com\\\/fr\\\/#website\",\"url\":\"https:\\\/\\\/piscinastxukun.com\\\/fr\\\/\",\"name\":\"Piscinas Txukun\",\"description\":\"\",\"potentialAction\":[{\"@type\":\"SearchAction\",\"target\":{\"@type\":\"EntryPoint\",\"urlTemplate\":\"https:\\\/\\\/piscinastxukun.com\\\/fr\\\/?s={search_term_string}\"},\"query-input\":{\"@type\":\"PropertyValueSpecification\",\"valueRequired\":true,\"valueName\":\"search_term_string\"}}],\"inLanguage\":\"fr-FR\"}]}<\/script>\n<!-- \/ Yoast SEO plugin. -->","yoast_head_json":{"title":"Dise\u00f1o y Construcci\u00f3n de Piscinas - Piscinas Txukun","description":"En Txukun Piscinas construimos piscinas adaptadas a tus necesidades. Piscinas prefabricadas o piscinas de obra totalmente personalizables y a medida con el dise\u00f1o que te guste","robots":{"index":"index","follow":"follow","max-snippet":"max-snippet:-1","max-image-preview":"max-image-preview:large","max-video-preview":"max-video-preview:-1"},"canonical":"https:\/\/piscinastxukun.com\/fr\/diseno-y-construccion\/","og_locale":"fr_FR","og_type":"article","og_title":"Dise\u00f1o y Construcci\u00f3n de Piscinas - Piscinas Txukun","og_description":"En Txukun Piscinas construimos piscinas adaptadas a tus necesidades. Piscinas prefabricadas o piscinas de obra totalmente personalizables y a medida con el dise\u00f1o que te guste","og_url":"https:\/\/piscinastxukun.com\/fr\/diseno-y-construccion\/","og_site_name":"Piscinas Txukun","article_modified_time":"2021-11-05T12:29:07+00:00","og_image":[{"width":767,"height":536,"url":"https:\/\/piscinastxukun.com\/wp-content\/uploads\/2021\/07\/construccion.jpg","type":"image\/jpeg"}],"twitter_card":"summary_large_image","twitter_misc":{"Dur\u00e9e de lecture estim\u00e9e":"1 minute"},"schema":{"@context":"https:\/\/schema.org","@graph":[{"@type":"WebPage","@id":"https:\/\/piscinastxukun.com\/fr\/diseno-y-construccion\/","url":"https:\/\/piscinastxukun.com\/fr\/diseno-y-construccion\/","name":"Dise\u00f1o y Construcci\u00f3n de Piscinas - Piscinas Txukun","isPartOf":{"@id":"https:\/\/piscinastxukun.com\/fr\/#website"},"primaryImageOfPage":{"@id":"https:\/\/piscinastxukun.com\/fr\/diseno-y-construccion\/#primaryimage"},"image":{"@id":"https:\/\/piscinastxukun.com\/diseno-y-construccion\/#primaryimage"},"thumbnailUrl":"https:\/\/piscinastxukun.com\/wp-content\/uploads\/2021\/07\/construccion.jpg","datePublished":"2021-07-09T10:59:15+00:00","dateModified":"2021-11-05T12:29:07+00:00","description":"En Txukun Piscinas construimos piscinas adaptadas a tus necesidades. Piscinas prefabricadas o piscinas de obra totalmente personalizables y a medida con el dise\u00f1o que te guste","breadcrumb":{"@id":"https:\/\/piscinastxukun.com\/fr\/diseno-y-construccion\/#breadcrumb"},"inLanguage":"fr-FR","potentialAction":[{"@type":"ReadAction","target":[["https:\/\/piscinastxukun.com\/fr\/diseno-y-construccion\/"]]}]},{"@type":"ImageObject","inLanguage":"fr-FR","@id":"https:\/\/piscinastxukun.com\/fr\/diseno-y-construccion\/#primaryimage","url":"https:\/\/piscinastxukun.com\/wp-content\/uploads\/2021\/07\/construccion.jpg","contentUrl":"https:\/\/piscinastxukun.com\/wp-content\/uploads\/2021\/07\/construccion.jpg","width":767,"height":536,"caption":"Happy child playing with father in blue water of swimming pool on a tropical resort at the sea. Summer vacations concept"},{"@type":"BreadcrumbList","@id":"https:\/\/piscinastxukun.com\/fr\/diseno-y-construccion\/#breadcrumb","itemListElement":[{"@type":"ListItem","position":1,"name":"Portada","item":"https:\/\/piscinastxukun.com\/fr\/"},{"@type":"ListItem","position":2,"name":"Dise\u00f1o y construcci\u00f3n"}]},{"@type":"WebSite","@id":"https:\/\/piscinastxukun.com\/fr\/#website","url":"https:\/\/piscinastxukun.com\/fr\/","name":"Piscinas Txukun","description":"","potentialAction":[{"@type":"SearchAction","target":{"@type":"EntryPoint","urlTemplate":"https:\/\/piscinastxukun.com\/fr\/?s={search_term_string}"},"query-input":{"@type":"PropertyValueSpecification","valueRequired":true,"valueName":"search_term_string"}}],"inLanguage":"fr-FR"}]}},"_links":{"self":[{"href":"https:\/\/piscinastxukun.com\/fr\/wp-json\/wp\/v2\/pages\/13","targetHints":{"allow":["GET"]}}],"collection":[{"href":"https:\/\/piscinastxukun.com\/fr\/wp-json\/wp\/v2\/pages"}],"about":[{"href":"https:\/\/piscinastxukun.com\/fr\/wp-json\/wp\/v2\/types\/page"}],"author":[{"embeddable":true,"href":"https:\/\/piscinastxukun.com\/fr\/wp-json\/wp\/v2\/users\/2"}],"replies":[{"embeddable":true,"href":"https:\/\/piscinastxukun.com\/fr\/wp-json\/wp\/v2\/comments?post=13"}],"version-history":[{"count":7,"href":"https:\/\/piscinastxukun.com\/fr\/wp-json\/wp\/v2\/pages\/13\/revisions"}],"predecessor-version":[{"id":101,"href":"https:\/\/piscinastxukun.com\/fr\/wp-json\/wp\/v2\/pages\/13\/revisions\/101"}],"wp:featuredmedia":[{"embeddable":true,"href":"https:\/\/piscinastxukun.com\/fr\/wp-json\/wp\/v2\/media\/68"}],"wp:attachment":[{"href":"https:\/\/piscinastxukun.com\/fr\/wp-json\/wp\/v2\/media?parent=13"}],"curies":[{"name":"wp","href":"https:\/\/api.w.org\/{rel}","templated":true}]}}