{"id":15,"date":"2021-07-09T11:00:02","date_gmt":"2021-07-09T11:00:02","guid":{"rendered":"http:\/\/localhost\/txukun\/?page_id=15"},"modified":"2021-11-05T12:29:26","modified_gmt":"2021-11-05T12:29:26","slug":"renovacion-y-actualizacion","status":"publish","type":"page","link":"https:\/\/piscinastxukun.com\/fr\/renovacion-y-actualizacion\/","title":{"rendered":"R\u00e9novation et actualisation"},"content":{"rendered":"<p><\/p>\n<h2>Nous relookons votre piscine en lui donnant un coup de jeune <\/h2>\n<p>Nous exploitons tout le potentiel de votre piscine qui n\u2019est plus actualis\u00e9e. Vous serez vraiment surpris du changement de votre espace gr\u00e2ce \u00e0 l\u2019aide de nos professionnels. Qu\u2019elle soit endommag\u00e9e o simplement son esth\u00e9tique ne vous pla\u00eet plus, chez Txukun nous sommes des sp\u00e9cialistes en:<\/p>\n<ul>\n<li>\n<i class=\"bx bx-check\"><\/i>R\u00e9paration de fuites\n<\/li>\n<li>\n<i class=\"bx bx-check\"><\/i>R\u00e9paration de dalles \u00e0 l\u2019int\u00e9rieur et \u00e0 l\u2019ext\u00e9rieur de la piscine\n<\/li>\n<li>\n<i class=\"bx bx-check\"><\/i>R\u00e9paration et mise \u00e0 jour du syst\u00e8me de filtration\n<\/li>\n<li>\n<i class=\"bx bx-check\"><\/i>Relookage de piscines\n<\/li>\n<\/ul>\n<p><\/p>","protected":false},"excerpt":{"rendered":"<p>Nous relookons votre piscine en lui donnant un coup de jeune Nous exploitons tout le potentiel de votre piscine qui n\u2019est plus actualis\u00e9e. Vous serez vraiment surpris du changement de votre espace [&hellip;]<\/p>\n","protected":false},"author":2,"featured_media":69,"parent":0,"menu_order":0,"comment_status":"closed","ping_status":"closed","template":"","meta":{"_acf_changed":false,"footnotes":""},"class_list":["post-15","page","type-page","status-publish","has-post-thumbnail","hentry"],"acf":[],"yoast_head":"<!-- This site is optimized with the Yoast SEO plugin v27.6 - https:\/\/yoast.com\/product\/yoast-seo-wordpress\/ -->\n<title>Renovaci\u00f3n y Actualizaci\u00f3n de Piscinas - Piscinas Txukun<\/title>\n<meta name=\"description\" content=\"Actualizamos tu vieja piscina dej\u00e1ndola como nueva. Reparamos fugas de agua, azulejos, sistemas de filtrado e incluso el redise\u00f1amos tu piscina actual dej\u00e1ndola a tu gusto\" \/>\n<meta name=\"robots\" content=\"index, follow, max-snippet:-1, max-image-preview:large, max-video-preview:-1\" \/>\n<link rel=\"canonical\" href=\"https:\/\/piscinastxukun.com\/fr\/renovacion-y-actualizacion\/\" \/>\n<meta property=\"og:locale\" content=\"fr_FR\" \/>\n<meta property=\"og:type\" content=\"article\" \/>\n<meta property=\"og:title\" content=\"Renovaci\u00f3n y Actualizaci\u00f3n de Piscinas - Piscinas Txukun\" \/>\n<meta property=\"og:description\" content=\"Actualizamos tu vieja piscina dej\u00e1ndola como nueva. Reparamos fugas de agua, azulejos, sistemas de filtrado e incluso el redise\u00f1amos tu piscina actual dej\u00e1ndola a tu gusto\" \/>\n<meta property=\"og:url\" content=\"https:\/\/piscinastxukun.com\/fr\/renovacion-y-actualizacion\/\" \/>\n<meta property=\"og:site_name\" content=\"Piscinas Txukun\" \/>\n<meta property=\"article:modified_time\" content=\"2021-11-05T12:29:26+00:00\" \/>\n<meta property=\"og:image\" content=\"https:\/\/piscinastxukun.com\/wp-content\/uploads\/2021\/07\/renovacion.jpg\" \/>\n\t<meta property=\"og:image:width\" content=\"767\" \/>\n\t<meta property=\"og:image:height\" content=\"511\" \/>\n\t<meta property=\"og:image:type\" content=\"image\/jpeg\" \/>\n<meta name=\"twitter:card\" content=\"summary_large_image\" \/>\n<meta name=\"twitter:label1\" content=\"Dur\u00e9e de lecture estim\u00e9e\" \/>\n\t<meta name=\"twitter:data1\" content=\"1 minute\" \/>\n<script type=\"application\/ld+json\" class=\"yoast-schema-graph\">{\"@context\":\"https:\\\/\\\/schema.org\",\"@graph\":[{\"@type\":\"WebPage\",\"@id\":\"https:\\\/\\\/piscinastxukun.com\\\/fr\\\/renovacion-y-actualizacion\\\/\",\"url\":\"https:\\\/\\\/piscinastxukun.com\\\/fr\\\/renovacion-y-actualizacion\\\/\",\"name\":\"Renovaci\u00f3n y Actualizaci\u00f3n de Piscinas - Piscinas Txukun\",\"isPartOf\":{\"@id\":\"https:\\\/\\\/piscinastxukun.com\\\/fr\\\/#website\"},\"primaryImageOfPage\":{\"@id\":\"https:\\\/\\\/piscinastxukun.com\\\/fr\\\/renovacion-y-actualizacion\\\/#primaryimage\"},\"image\":{\"@id\":\"https:\\\/\\\/piscinastxukun.com\\\/renovacion-y-actualizacion\\\/#primaryimage\"},\"thumbnailUrl\":\"https:\\\/\\\/piscinastxukun.com\\\/wp-content\\\/uploads\\\/2021\\\/07\\\/renovacion.jpg\",\"datePublished\":\"2021-07-09T11:00:02+00:00\",\"dateModified\":\"2021-11-05T12:29:26+00:00\",\"description\":\"Actualizamos tu vieja piscina dej\u00e1ndola como nueva. Reparamos fugas de agua, azulejos, sistemas de filtrado e incluso el redise\u00f1amos tu piscina actual dej\u00e1ndola a tu gusto\",\"breadcrumb\":{\"@id\":\"https:\\\/\\\/piscinastxukun.com\\\/fr\\\/renovacion-y-actualizacion\\\/#breadcrumb\"},\"inLanguage\":\"fr-FR\",\"potentialAction\":[{\"@type\":\"ReadAction\",\"target\":[[\"https:\\\/\\\/piscinastxukun.com\\\/fr\\\/renovacion-y-actualizacion\\\/\"]]}]},{\"@type\":\"ImageObject\",\"inLanguage\":\"fr-FR\",\"@id\":\"https:\\\/\\\/piscinastxukun.com\\\/fr\\\/renovacion-y-actualizacion\\\/#primaryimage\",\"url\":\"https:\\\/\\\/piscinastxukun.com\\\/wp-content\\\/uploads\\\/2021\\\/07\\\/renovacion.jpg\",\"contentUrl\":\"https:\\\/\\\/piscinastxukun.com\\\/wp-content\\\/uploads\\\/2021\\\/07\\\/renovacion.jpg\",\"width\":767,\"height\":511},{\"@type\":\"BreadcrumbList\",\"@id\":\"https:\\\/\\\/piscinastxukun.com\\\/fr\\\/renovacion-y-actualizacion\\\/#breadcrumb\",\"itemListElement\":[{\"@type\":\"ListItem\",\"position\":1,\"name\":\"Portada\",\"item\":\"https:\\\/\\\/piscinastxukun.com\\\/fr\\\/\"},{\"@type\":\"ListItem\",\"position\":2,\"name\":\"Renovaci\u00f3n y actualizaci\u00f3n\"}]},{\"@type\":\"WebSite\",\"@id\":\"https:\\\/\\\/piscinastxukun.com\\\/fr\\\/#website\",\"url\":\"https:\\\/\\\/piscinastxukun.com\\\/fr\\\/\",\"name\":\"Piscinas Txukun\",\"description\":\"\",\"potentialAction\":[{\"@type\":\"SearchAction\",\"target\":{\"@type\":\"EntryPoint\",\"urlTemplate\":\"https:\\\/\\\/piscinastxukun.com\\\/fr\\\/?s={search_term_string}\"},\"query-input\":{\"@type\":\"PropertyValueSpecification\",\"valueRequired\":true,\"valueName\":\"search_term_string\"}}],\"inLanguage\":\"fr-FR\"}]}<\/script>\n<!-- \/ Yoast SEO plugin. -->","yoast_head_json":{"title":"Renovaci\u00f3n y Actualizaci\u00f3n de Piscinas - Piscinas Txukun","description":"Actualizamos tu vieja piscina dej\u00e1ndola como nueva. Reparamos fugas de agua, azulejos, sistemas de filtrado e incluso el redise\u00f1amos tu piscina actual dej\u00e1ndola a tu gusto","robots":{"index":"index","follow":"follow","max-snippet":"max-snippet:-1","max-image-preview":"max-image-preview:large","max-video-preview":"max-video-preview:-1"},"canonical":"https:\/\/piscinastxukun.com\/fr\/renovacion-y-actualizacion\/","og_locale":"fr_FR","og_type":"article","og_title":"Renovaci\u00f3n y Actualizaci\u00f3n de Piscinas - Piscinas Txukun","og_description":"Actualizamos tu vieja piscina dej\u00e1ndola como nueva. Reparamos fugas de agua, azulejos, sistemas de filtrado e incluso el redise\u00f1amos tu piscina actual dej\u00e1ndola a tu gusto","og_url":"https:\/\/piscinastxukun.com\/fr\/renovacion-y-actualizacion\/","og_site_name":"Piscinas Txukun","article_modified_time":"2021-11-05T12:29:26+00:00","og_image":[{"width":767,"height":511,"url":"https:\/\/piscinastxukun.com\/wp-content\/uploads\/2021\/07\/renovacion.jpg","type":"image\/jpeg"}],"twitter_card":"summary_large_image","twitter_misc":{"Dur\u00e9e de lecture estim\u00e9e":"1 minute"},"schema":{"@context":"https:\/\/schema.org","@graph":[{"@type":"WebPage","@id":"https:\/\/piscinastxukun.com\/fr\/renovacion-y-actualizacion\/","url":"https:\/\/piscinastxukun.com\/fr\/renovacion-y-actualizacion\/","name":"Renovaci\u00f3n y Actualizaci\u00f3n de Piscinas - Piscinas Txukun","isPartOf":{"@id":"https:\/\/piscinastxukun.com\/fr\/#website"},"primaryImageOfPage":{"@id":"https:\/\/piscinastxukun.com\/fr\/renovacion-y-actualizacion\/#primaryimage"},"image":{"@id":"https:\/\/piscinastxukun.com\/renovacion-y-actualizacion\/#primaryimage"},"thumbnailUrl":"https:\/\/piscinastxukun.com\/wp-content\/uploads\/2021\/07\/renovacion.jpg","datePublished":"2021-07-09T11:00:02+00:00","dateModified":"2021-11-05T12:29:26+00:00","description":"Actualizamos tu vieja piscina dej\u00e1ndola como nueva. Reparamos fugas de agua, azulejos, sistemas de filtrado e incluso el redise\u00f1amos tu piscina actual dej\u00e1ndola a tu gusto","breadcrumb":{"@id":"https:\/\/piscinastxukun.com\/fr\/renovacion-y-actualizacion\/#breadcrumb"},"inLanguage":"fr-FR","potentialAction":[{"@type":"ReadAction","target":[["https:\/\/piscinastxukun.com\/fr\/renovacion-y-actualizacion\/"]]}]},{"@type":"ImageObject","inLanguage":"fr-FR","@id":"https:\/\/piscinastxukun.com\/fr\/renovacion-y-actualizacion\/#primaryimage","url":"https:\/\/piscinastxukun.com\/wp-content\/uploads\/2021\/07\/renovacion.jpg","contentUrl":"https:\/\/piscinastxukun.com\/wp-content\/uploads\/2021\/07\/renovacion.jpg","width":767,"height":511},{"@type":"BreadcrumbList","@id":"https:\/\/piscinastxukun.com\/fr\/renovacion-y-actualizacion\/#breadcrumb","itemListElement":[{"@type":"ListItem","position":1,"name":"Portada","item":"https:\/\/piscinastxukun.com\/fr\/"},{"@type":"ListItem","position":2,"name":"Renovaci\u00f3n y actualizaci\u00f3n"}]},{"@type":"WebSite","@id":"https:\/\/piscinastxukun.com\/fr\/#website","url":"https:\/\/piscinastxukun.com\/fr\/","name":"Piscinas Txukun","description":"","potentialAction":[{"@type":"SearchAction","target":{"@type":"EntryPoint","urlTemplate":"https:\/\/piscinastxukun.com\/fr\/?s={search_term_string}"},"query-input":{"@type":"PropertyValueSpecification","valueRequired":true,"valueName":"search_term_string"}}],"inLanguage":"fr-FR"}]}},"_links":{"self":[{"href":"https:\/\/piscinastxukun.com\/fr\/wp-json\/wp\/v2\/pages\/15","targetHints":{"allow":["GET"]}}],"collection":[{"href":"https:\/\/piscinastxukun.com\/fr\/wp-json\/wp\/v2\/pages"}],"about":[{"href":"https:\/\/piscinastxukun.com\/fr\/wp-json\/wp\/v2\/types\/page"}],"author":[{"embeddable":true,"href":"https:\/\/piscinastxukun.com\/fr\/wp-json\/wp\/v2\/users\/2"}],"replies":[{"embeddable":true,"href":"https:\/\/piscinastxukun.com\/fr\/wp-json\/wp\/v2\/comments?post=15"}],"version-history":[{"count":5,"href":"https:\/\/piscinastxukun.com\/fr\/wp-json\/wp\/v2\/pages\/15\/revisions"}],"predecessor-version":[{"id":102,"href":"https:\/\/piscinastxukun.com\/fr\/wp-json\/wp\/v2\/pages\/15\/revisions\/102"}],"wp:featuredmedia":[{"embeddable":true,"href":"https:\/\/piscinastxukun.com\/fr\/wp-json\/wp\/v2\/media\/69"}],"wp:attachment":[{"href":"https:\/\/piscinastxukun.com\/fr\/wp-json\/wp\/v2\/media?parent=15"}],"curies":[{"name":"wp","href":"https:\/\/api.w.org\/{rel}","templated":true}]}}