{"id":17,"date":"2021-07-09T11:00:18","date_gmt":"2021-07-09T11:00:18","guid":{"rendered":"http:\/\/localhost\/txukun\/?page_id=17"},"modified":"2021-11-05T12:29:42","modified_gmt":"2021-11-05T12:29:42","slug":"mantenimiento-integral","status":"publish","type":"page","link":"https:\/\/piscinastxukun.com\/fr\/mantenimiento-integral\/","title":{"rendered":"Entretien int\u00e9gral"},"content":{"rendered":"<p><\/p>\n<h2>Entretien de piscines<\/h2>\n<p>Nous sommes experts dans l\u2019entretien de piscines d\u2019installations sportives ainsi que de piscines domestiques et nous pouvons vous aider \u00e0 mener une routine d\u2019entretien tout \u00e0 fait personnalis\u00e9e. Nous offrons: <\/p>\n<ul>\n<li>\n<i class=\"bx bx-check\"><\/i>Entretien et mise en route de piscines en mauvais \u00e9tat\n<\/li>\n<li>\n<i class=\"bx bx-check\"><\/i>Analyse de l\u2019eau et routine d\u2019entretien personnalis\u00e9e\n<\/li>\n<li>\n<i class=\"bx bx-check\"><\/i>Nettoyage \u00e0 fond de dalles et des circuits avec prolif\u00e9ration d\u2019algues\n<\/li>\n<\/ul>\n<p><\/p>","protected":false},"excerpt":{"rendered":"<p>Entretien de piscines Nous sommes experts dans l\u2019entretien de piscines d\u2019installations sportives ainsi que de piscines domestiques et nous pouvons vous aider \u00e0 mener une routine d\u2019entretien tout \u00e0 fait personnalis\u00e9e. Nous [&hellip;]<\/p>\n","protected":false},"author":2,"featured_media":52,"parent":0,"menu_order":0,"comment_status":"closed","ping_status":"closed","template":"","meta":{"_acf_changed":false,"footnotes":""},"class_list":["post-17","page","type-page","status-publish","has-post-thumbnail","hentry"],"acf":[],"yoast_head":"<!-- This site is optimized with the Yoast SEO plugin v27.6 - https:\/\/yoast.com\/product\/yoast-seo-wordpress\/ -->\n<title>Mantenimiento integral de Piscinas - Piscinas Txukun<\/title>\n<meta name=\"description\" content=\"Somos expertos en el mantenimiento de piscinas de dom\u00e9sticas o instalaciones deportivas y comunitarias. An\u00e1lisis peri\u00f3dico del agua y limpieza del vaso y circuitos\" \/>\n<meta name=\"robots\" content=\"index, follow, max-snippet:-1, max-image-preview:large, max-video-preview:-1\" \/>\n<link rel=\"canonical\" href=\"https:\/\/piscinastxukun.com\/fr\/mantenimiento-integral\/\" \/>\n<meta property=\"og:locale\" content=\"fr_FR\" \/>\n<meta property=\"og:type\" content=\"article\" \/>\n<meta property=\"og:title\" content=\"Mantenimiento integral de Piscinas - Piscinas Txukun\" \/>\n<meta property=\"og:description\" content=\"Somos expertos en el mantenimiento de piscinas de dom\u00e9sticas o instalaciones deportivas y comunitarias. An\u00e1lisis peri\u00f3dico del agua y limpieza del vaso y circuitos\" \/>\n<meta property=\"og:url\" content=\"https:\/\/piscinastxukun.com\/fr\/mantenimiento-integral\/\" \/>\n<meta property=\"og:site_name\" content=\"Piscinas Txukun\" \/>\n<meta property=\"article:modified_time\" content=\"2021-11-05T12:29:42+00:00\" \/>\n<meta property=\"og:image\" content=\"https:\/\/piscinastxukun.com\/wp-content\/uploads\/2021\/07\/choose-us-img.jpg\" \/>\n\t<meta property=\"og:image:width\" content=\"640\" \/>\n\t<meta property=\"og:image:height\" content=\"470\" \/>\n\t<meta property=\"og:image:type\" content=\"image\/jpeg\" \/>\n<meta name=\"twitter:card\" content=\"summary_large_image\" \/>\n<meta name=\"twitter:label1\" content=\"Dur\u00e9e de lecture estim\u00e9e\" \/>\n\t<meta name=\"twitter:data1\" content=\"1 minute\" \/>\n<script type=\"application\/ld+json\" class=\"yoast-schema-graph\">{\"@context\":\"https:\\\/\\\/schema.org\",\"@graph\":[{\"@type\":\"WebPage\",\"@id\":\"https:\\\/\\\/piscinastxukun.com\\\/fr\\\/mantenimiento-integral\\\/\",\"url\":\"https:\\\/\\\/piscinastxukun.com\\\/fr\\\/mantenimiento-integral\\\/\",\"name\":\"Mantenimiento integral de Piscinas - Piscinas Txukun\",\"isPartOf\":{\"@id\":\"https:\\\/\\\/piscinastxukun.com\\\/fr\\\/#website\"},\"primaryImageOfPage\":{\"@id\":\"https:\\\/\\\/piscinastxukun.com\\\/fr\\\/mantenimiento-integral\\\/#primaryimage\"},\"image\":{\"@id\":\"https:\\\/\\\/piscinastxukun.com\\\/mantenimiento-integral\\\/#primaryimage\"},\"thumbnailUrl\":\"https:\\\/\\\/piscinastxukun.com\\\/wp-content\\\/uploads\\\/2021\\\/07\\\/choose-us-img.jpg\",\"datePublished\":\"2021-07-09T11:00:18+00:00\",\"dateModified\":\"2021-11-05T12:29:42+00:00\",\"description\":\"Somos expertos en el mantenimiento de piscinas de dom\u00e9sticas o instalaciones deportivas y comunitarias. An\u00e1lisis peri\u00f3dico del agua y limpieza del vaso y circuitos\",\"breadcrumb\":{\"@id\":\"https:\\\/\\\/piscinastxukun.com\\\/fr\\\/mantenimiento-integral\\\/#breadcrumb\"},\"inLanguage\":\"fr-FR\",\"potentialAction\":[{\"@type\":\"ReadAction\",\"target\":[[\"https:\\\/\\\/piscinastxukun.com\\\/fr\\\/mantenimiento-integral\\\/\"]]}]},{\"@type\":\"ImageObject\",\"inLanguage\":\"fr-FR\",\"@id\":\"https:\\\/\\\/piscinastxukun.com\\\/fr\\\/mantenimiento-integral\\\/#primaryimage\",\"url\":\"https:\\\/\\\/piscinastxukun.com\\\/wp-content\\\/uploads\\\/2021\\\/07\\\/choose-us-img.jpg\",\"contentUrl\":\"https:\\\/\\\/piscinastxukun.com\\\/wp-content\\\/uploads\\\/2021\\\/07\\\/choose-us-img.jpg\",\"width\":640,\"height\":470},{\"@type\":\"BreadcrumbList\",\"@id\":\"https:\\\/\\\/piscinastxukun.com\\\/fr\\\/mantenimiento-integral\\\/#breadcrumb\",\"itemListElement\":[{\"@type\":\"ListItem\",\"position\":1,\"name\":\"Portada\",\"item\":\"https:\\\/\\\/piscinastxukun.com\\\/fr\\\/\"},{\"@type\":\"ListItem\",\"position\":2,\"name\":\"Mantenimiento integral\"}]},{\"@type\":\"WebSite\",\"@id\":\"https:\\\/\\\/piscinastxukun.com\\\/fr\\\/#website\",\"url\":\"https:\\\/\\\/piscinastxukun.com\\\/fr\\\/\",\"name\":\"Piscinas Txukun\",\"description\":\"\",\"potentialAction\":[{\"@type\":\"SearchAction\",\"target\":{\"@type\":\"EntryPoint\",\"urlTemplate\":\"https:\\\/\\\/piscinastxukun.com\\\/fr\\\/?s={search_term_string}\"},\"query-input\":{\"@type\":\"PropertyValueSpecification\",\"valueRequired\":true,\"valueName\":\"search_term_string\"}}],\"inLanguage\":\"fr-FR\"}]}<\/script>\n<!-- \/ Yoast SEO plugin. -->","yoast_head_json":{"title":"Mantenimiento integral de Piscinas - Piscinas Txukun","description":"Somos expertos en el mantenimiento de piscinas de dom\u00e9sticas o instalaciones deportivas y comunitarias. An\u00e1lisis peri\u00f3dico del agua y limpieza del vaso y circuitos","robots":{"index":"index","follow":"follow","max-snippet":"max-snippet:-1","max-image-preview":"max-image-preview:large","max-video-preview":"max-video-preview:-1"},"canonical":"https:\/\/piscinastxukun.com\/fr\/mantenimiento-integral\/","og_locale":"fr_FR","og_type":"article","og_title":"Mantenimiento integral de Piscinas - Piscinas Txukun","og_description":"Somos expertos en el mantenimiento de piscinas de dom\u00e9sticas o instalaciones deportivas y comunitarias. An\u00e1lisis peri\u00f3dico del agua y limpieza del vaso y circuitos","og_url":"https:\/\/piscinastxukun.com\/fr\/mantenimiento-integral\/","og_site_name":"Piscinas Txukun","article_modified_time":"2021-11-05T12:29:42+00:00","og_image":[{"width":640,"height":470,"url":"https:\/\/piscinastxukun.com\/wp-content\/uploads\/2021\/07\/choose-us-img.jpg","type":"image\/jpeg"}],"twitter_card":"summary_large_image","twitter_misc":{"Dur\u00e9e de lecture estim\u00e9e":"1 minute"},"schema":{"@context":"https:\/\/schema.org","@graph":[{"@type":"WebPage","@id":"https:\/\/piscinastxukun.com\/fr\/mantenimiento-integral\/","url":"https:\/\/piscinastxukun.com\/fr\/mantenimiento-integral\/","name":"Mantenimiento integral de Piscinas - Piscinas Txukun","isPartOf":{"@id":"https:\/\/piscinastxukun.com\/fr\/#website"},"primaryImageOfPage":{"@id":"https:\/\/piscinastxukun.com\/fr\/mantenimiento-integral\/#primaryimage"},"image":{"@id":"https:\/\/piscinastxukun.com\/mantenimiento-integral\/#primaryimage"},"thumbnailUrl":"https:\/\/piscinastxukun.com\/wp-content\/uploads\/2021\/07\/choose-us-img.jpg","datePublished":"2021-07-09T11:00:18+00:00","dateModified":"2021-11-05T12:29:42+00:00","description":"Somos expertos en el mantenimiento de piscinas de dom\u00e9sticas o instalaciones deportivas y comunitarias. An\u00e1lisis peri\u00f3dico del agua y limpieza del vaso y circuitos","breadcrumb":{"@id":"https:\/\/piscinastxukun.com\/fr\/mantenimiento-integral\/#breadcrumb"},"inLanguage":"fr-FR","potentialAction":[{"@type":"ReadAction","target":[["https:\/\/piscinastxukun.com\/fr\/mantenimiento-integral\/"]]}]},{"@type":"ImageObject","inLanguage":"fr-FR","@id":"https:\/\/piscinastxukun.com\/fr\/mantenimiento-integral\/#primaryimage","url":"https:\/\/piscinastxukun.com\/wp-content\/uploads\/2021\/07\/choose-us-img.jpg","contentUrl":"https:\/\/piscinastxukun.com\/wp-content\/uploads\/2021\/07\/choose-us-img.jpg","width":640,"height":470},{"@type":"BreadcrumbList","@id":"https:\/\/piscinastxukun.com\/fr\/mantenimiento-integral\/#breadcrumb","itemListElement":[{"@type":"ListItem","position":1,"name":"Portada","item":"https:\/\/piscinastxukun.com\/fr\/"},{"@type":"ListItem","position":2,"name":"Mantenimiento integral"}]},{"@type":"WebSite","@id":"https:\/\/piscinastxukun.com\/fr\/#website","url":"https:\/\/piscinastxukun.com\/fr\/","name":"Piscinas Txukun","description":"","potentialAction":[{"@type":"SearchAction","target":{"@type":"EntryPoint","urlTemplate":"https:\/\/piscinastxukun.com\/fr\/?s={search_term_string}"},"query-input":{"@type":"PropertyValueSpecification","valueRequired":true,"valueName":"search_term_string"}}],"inLanguage":"fr-FR"}]}},"_links":{"self":[{"href":"https:\/\/piscinastxukun.com\/fr\/wp-json\/wp\/v2\/pages\/17","targetHints":{"allow":["GET"]}}],"collection":[{"href":"https:\/\/piscinastxukun.com\/fr\/wp-json\/wp\/v2\/pages"}],"about":[{"href":"https:\/\/piscinastxukun.com\/fr\/wp-json\/wp\/v2\/types\/page"}],"author":[{"embeddable":true,"href":"https:\/\/piscinastxukun.com\/fr\/wp-json\/wp\/v2\/users\/2"}],"replies":[{"embeddable":true,"href":"https:\/\/piscinastxukun.com\/fr\/wp-json\/wp\/v2\/comments?post=17"}],"version-history":[{"count":7,"href":"https:\/\/piscinastxukun.com\/fr\/wp-json\/wp\/v2\/pages\/17\/revisions"}],"predecessor-version":[{"id":103,"href":"https:\/\/piscinastxukun.com\/fr\/wp-json\/wp\/v2\/pages\/17\/revisions\/103"}],"wp:featuredmedia":[{"embeddable":true,"href":"https:\/\/piscinastxukun.com\/fr\/wp-json\/wp\/v2\/media\/52"}],"wp:attachment":[{"href":"https:\/\/piscinastxukun.com\/fr\/wp-json\/wp\/v2\/media?parent=17"}],"curies":[{"name":"wp","href":"https:\/\/api.w.org\/{rel}","templated":true}]}}