{"id":21,"date":"2021-07-09T11:02:12","date_gmt":"2021-07-09T11:02:12","guid":{"rendered":"http:\/\/localhost\/txukun\/?page_id=21"},"modified":"2021-10-29T21:18:37","modified_gmt":"2021-10-29T21:18:37","slug":"blog","status":"publish","type":"page","link":"https:\/\/piscinastxukun.com\/fr\/blog\/","title":{"rendered":"Blog"},"content":{"rendered":"","protected":false},"excerpt":{"rendered":"","protected":false},"author":2,"featured_media":0,"parent":0,"menu_order":0,"comment_status":"closed","ping_status":"closed","template":"","meta":{"_acf_changed":false,"footnotes":""},"class_list":["post-21","page","type-page","status-publish","hentry"],"acf":[],"yoast_head":"<!-- This site is optimized with the Yoast SEO plugin v27.5 - https:\/\/yoast.com\/product\/yoast-seo-wordpress\/ -->\n<title>Blog - Piscinas Txukun<\/title>\n<meta name=\"description\" content=\"A trav\u00e9s de estos art\u00edculos os facilitamos diferentes consejos para el mantenimiento y uso de tu piscina para que puedas sacarle el m\u00e1ximo partido\" \/>\n<meta name=\"robots\" content=\"index, follow, max-snippet:-1, max-image-preview:large, max-video-preview:-1\" \/>\n<link rel=\"canonical\" href=\"https:\/\/piscinastxukun.com\/fr\/blog\/\" \/>\n<meta property=\"og:locale\" content=\"fr_FR\" \/>\n<meta property=\"og:type\" content=\"article\" \/>\n<meta property=\"og:title\" content=\"Blog - Piscinas Txukun\" \/>\n<meta property=\"og:description\" content=\"A trav\u00e9s de estos art\u00edculos os facilitamos diferentes consejos para el mantenimiento y uso de tu piscina para que puedas sacarle el m\u00e1ximo partido\" \/>\n<meta property=\"og:url\" content=\"https:\/\/piscinastxukun.com\/fr\/blog\/\" \/>\n<meta property=\"og:site_name\" content=\"Piscinas Txukun\" \/>\n<meta property=\"article:modified_time\" content=\"2021-10-29T21:18:37+00:00\" \/>\n<meta name=\"twitter:card\" content=\"summary_large_image\" \/>\n<script type=\"application\/ld+json\" class=\"yoast-schema-graph\">{\"@context\":\"https:\\\/\\\/schema.org\",\"@graph\":[{\"@type\":\"WebPage\",\"@id\":\"https:\\\/\\\/piscinastxukun.com\\\/fr\\\/blog\\\/\",\"url\":\"https:\\\/\\\/piscinastxukun.com\\\/fr\\\/blog\\\/\",\"name\":\"Blog - Piscinas Txukun\",\"isPartOf\":{\"@id\":\"https:\\\/\\\/piscinastxukun.com\\\/fr\\\/#website\"},\"datePublished\":\"2021-07-09T11:02:12+00:00\",\"dateModified\":\"2021-10-29T21:18:37+00:00\",\"description\":\"A trav\u00e9s de estos art\u00edculos os facilitamos diferentes consejos para el mantenimiento y uso de tu piscina para que puedas sacarle el m\u00e1ximo partido\",\"breadcrumb\":{\"@id\":\"https:\\\/\\\/piscinastxukun.com\\\/fr\\\/blog\\\/#breadcrumb\"},\"inLanguage\":\"fr-FR\",\"potentialAction\":[{\"@type\":\"ReadAction\",\"target\":[[\"https:\\\/\\\/piscinastxukun.com\\\/fr\\\/blog\\\/\"]]}]},{\"@type\":\"BreadcrumbList\",\"@id\":\"https:\\\/\\\/piscinastxukun.com\\\/fr\\\/blog\\\/#breadcrumb\",\"itemListElement\":[{\"@type\":\"ListItem\",\"position\":1,\"name\":\"Portada\",\"item\":\"https:\\\/\\\/piscinastxukun.com\\\/fr\\\/\"},{\"@type\":\"ListItem\",\"position\":2,\"name\":\"Blog\"}]},{\"@type\":\"WebSite\",\"@id\":\"https:\\\/\\\/piscinastxukun.com\\\/fr\\\/#website\",\"url\":\"https:\\\/\\\/piscinastxukun.com\\\/fr\\\/\",\"name\":\"Piscinas Txukun\",\"description\":\"\",\"potentialAction\":[{\"@type\":\"SearchAction\",\"target\":{\"@type\":\"EntryPoint\",\"urlTemplate\":\"https:\\\/\\\/piscinastxukun.com\\\/fr\\\/?s={search_term_string}\"},\"query-input\":{\"@type\":\"PropertyValueSpecification\",\"valueRequired\":true,\"valueName\":\"search_term_string\"}}],\"inLanguage\":\"fr-FR\"}]}<\/script>\n<!-- \/ Yoast SEO plugin. -->","yoast_head_json":{"title":"Blog - Piscinas Txukun","description":"A trav\u00e9s de estos art\u00edculos os facilitamos diferentes consejos para el mantenimiento y uso de tu piscina para que puedas sacarle el m\u00e1ximo partido","robots":{"index":"index","follow":"follow","max-snippet":"max-snippet:-1","max-image-preview":"max-image-preview:large","max-video-preview":"max-video-preview:-1"},"canonical":"https:\/\/piscinastxukun.com\/fr\/blog\/","og_locale":"fr_FR","og_type":"article","og_title":"Blog - Piscinas Txukun","og_description":"A trav\u00e9s de estos art\u00edculos os facilitamos diferentes consejos para el mantenimiento y uso de tu piscina para que puedas sacarle el m\u00e1ximo partido","og_url":"https:\/\/piscinastxukun.com\/fr\/blog\/","og_site_name":"Piscinas Txukun","article_modified_time":"2021-10-29T21:18:37+00:00","twitter_card":"summary_large_image","schema":{"@context":"https:\/\/schema.org","@graph":[{"@type":"WebPage","@id":"https:\/\/piscinastxukun.com\/fr\/blog\/","url":"https:\/\/piscinastxukun.com\/fr\/blog\/","name":"Blog - Piscinas Txukun","isPartOf":{"@id":"https:\/\/piscinastxukun.com\/fr\/#website"},"datePublished":"2021-07-09T11:02:12+00:00","dateModified":"2021-10-29T21:18:37+00:00","description":"A trav\u00e9s de estos art\u00edculos os facilitamos diferentes consejos para el mantenimiento y uso de tu piscina para que puedas sacarle el m\u00e1ximo partido","breadcrumb":{"@id":"https:\/\/piscinastxukun.com\/fr\/blog\/#breadcrumb"},"inLanguage":"fr-FR","potentialAction":[{"@type":"ReadAction","target":[["https:\/\/piscinastxukun.com\/fr\/blog\/"]]}]},{"@type":"BreadcrumbList","@id":"https:\/\/piscinastxukun.com\/fr\/blog\/#breadcrumb","itemListElement":[{"@type":"ListItem","position":1,"name":"Portada","item":"https:\/\/piscinastxukun.com\/fr\/"},{"@type":"ListItem","position":2,"name":"Blog"}]},{"@type":"WebSite","@id":"https:\/\/piscinastxukun.com\/fr\/#website","url":"https:\/\/piscinastxukun.com\/fr\/","name":"Piscinas Txukun","description":"","potentialAction":[{"@type":"SearchAction","target":{"@type":"EntryPoint","urlTemplate":"https:\/\/piscinastxukun.com\/fr\/?s={search_term_string}"},"query-input":{"@type":"PropertyValueSpecification","valueRequired":true,"valueName":"search_term_string"}}],"inLanguage":"fr-FR"}]}},"_links":{"self":[{"href":"https:\/\/piscinastxukun.com\/fr\/wp-json\/wp\/v2\/pages\/21","targetHints":{"allow":["GET"]}}],"collection":[{"href":"https:\/\/piscinastxukun.com\/fr\/wp-json\/wp\/v2\/pages"}],"about":[{"href":"https:\/\/piscinastxukun.com\/fr\/wp-json\/wp\/v2\/types\/page"}],"author":[{"embeddable":true,"href":"https:\/\/piscinastxukun.com\/fr\/wp-json\/wp\/v2\/users\/2"}],"replies":[{"embeddable":true,"href":"https:\/\/piscinastxukun.com\/fr\/wp-json\/wp\/v2\/comments?post=21"}],"version-history":[{"count":2,"href":"https:\/\/piscinastxukun.com\/fr\/wp-json\/wp\/v2\/pages\/21\/revisions"}],"predecessor-version":[{"id":73,"href":"https:\/\/piscinastxukun.com\/fr\/wp-json\/wp\/v2\/pages\/21\/revisions\/73"}],"wp:attachment":[{"href":"https:\/\/piscinastxukun.com\/fr\/wp-json\/wp\/v2\/media?parent=21"}],"curies":[{"name":"wp","href":"https:\/\/api.w.org\/{rel}","templated":true}]}}