{"id":7,"date":"2021-07-09T10:54:18","date_gmt":"2021-07-09T10:54:18","guid":{"rendered":"http:\/\/localhost\/txukun\/?page_id=7"},"modified":"2021-11-05T12:28:30","modified_gmt":"2021-11-05T12:28:30","slug":"inicio","status":"publish","type":"page","link":"https:\/\/piscinastxukun.com\/fr\/","title":{"rendered":"Accueil"},"content":{"rendered":"<p><\/p>\n<h2>Plus de 20 ans d\u2019exp\u00e9rience dans le design et la construction de piscines<\/h2>\n<p>Il y a d\u00e9j\u00e0 plus de 20 ans que nous sommes une r\u00e9f\u00e9rence dans la construction et l\u2019entretien de piscines au Pays Basque aussi bien pour les particuliers que pour les institutions publiques des deux c\u00f4t\u00e9s de la fronti\u00e8re. Notre \u00e9quipe s\u2019occupera de vous conseiller et de mener \u00e0 bien le d\u00e9veloppement du projet qui s\u2019adapte le mieux \u00e0 vos besoins aussi bien en ce qui concerne les mat\u00e9riaux que les dimensions.  <\/p>\n<p><\/p>","protected":false},"excerpt":{"rendered":"<p>Plus de 20 ans d\u2019exp\u00e9rience dans le design et la construction de piscines Il y a d\u00e9j\u00e0 plus de 20 ans que nous sommes une r\u00e9f\u00e9rence dans la construction et l\u2019entretien de [&hellip;]<\/p>\n","protected":false},"author":2,"featured_media":36,"parent":0,"menu_order":0,"comment_status":"closed","ping_status":"closed","template":"","meta":{"_acf_changed":false,"footnotes":""},"class_list":["post-7","page","type-page","status-publish","has-post-thumbnail","hentry"],"acf":[],"yoast_head":"<!-- This site is optimized with the Yoast SEO plugin v27.4 - https:\/\/yoast.com\/product\/yoast-seo-wordpress\/ -->\n<title>Accueil - Piscinas Txukun<\/title>\n<meta name=\"description\" content=\"Empieza a disfrutar de tu propia piscina en tu casa. En Txukun Piscinas somos expertos en el dise\u00f1o y construcci\u00f3n de piscinas. Ll\u00e1manos y te informamos de todas las opciones\" \/>\n<meta name=\"robots\" content=\"index, follow, max-snippet:-1, max-image-preview:large, max-video-preview:-1\" \/>\n<link rel=\"canonical\" href=\"https:\/\/piscinastxukun.com\/fr\/\" \/>\n<meta property=\"og:locale\" content=\"fr_FR\" \/>\n<meta property=\"og:type\" content=\"article\" \/>\n<meta property=\"og:title\" content=\"Accueil - Piscinas Txukun\" \/>\n<meta property=\"og:description\" content=\"Empieza a disfrutar de tu propia piscina en tu casa. En Txukun Piscinas somos expertos en el dise\u00f1o y construcci\u00f3n de piscinas. Ll\u00e1manos y te informamos de todas las opciones\" \/>\n<meta property=\"og:url\" content=\"https:\/\/piscinastxukun.com\/fr\/\" \/>\n<meta property=\"og:site_name\" content=\"Piscinas Txukun\" \/>\n<meta property=\"article:modified_time\" content=\"2021-11-05T12:28:30+00:00\" \/>\n<meta property=\"og:image\" content=\"https:\/\/piscinastxukun.com\/wp-content\/uploads\/2021\/07\/about-img-1.jpg\" \/>\n\t<meta property=\"og:image:width\" content=\"636\" \/>\n\t<meta property=\"og:image:height\" content=\"424\" \/>\n\t<meta property=\"og:image:type\" content=\"image\/jpeg\" \/>\n<meta name=\"twitter:card\" content=\"summary_large_image\" \/>\n<meta name=\"twitter:label1\" content=\"Dur\u00e9e de lecture estim\u00e9e\" \/>\n\t<meta name=\"twitter:data1\" content=\"1 minute\" \/>\n<script type=\"application\/ld+json\" class=\"yoast-schema-graph\">{\"@context\":\"https:\\\/\\\/schema.org\",\"@graph\":[{\"@type\":\"WebPage\",\"@id\":\"https:\\\/\\\/piscinastxukun.com\\\/fr\\\/\",\"url\":\"https:\\\/\\\/piscinastxukun.com\\\/fr\\\/\",\"name\":\"Accueil - Piscinas Txukun\",\"isPartOf\":{\"@id\":\"https:\\\/\\\/piscinastxukun.com\\\/fr\\\/#website\"},\"primaryImageOfPage\":{\"@id\":\"https:\\\/\\\/piscinastxukun.com\\\/fr\\\/#primaryimage\"},\"image\":{\"@id\":\"https:\\\/\\\/piscinastxukun.com\\\/#primaryimage\"},\"thumbnailUrl\":\"https:\\\/\\\/piscinastxukun.com\\\/wp-content\\\/uploads\\\/2021\\\/07\\\/about-img-1.jpg\",\"datePublished\":\"2021-07-09T10:54:18+00:00\",\"dateModified\":\"2021-11-05T12:28:30+00:00\",\"description\":\"Empieza a disfrutar de tu propia piscina en tu casa. En Txukun Piscinas somos expertos en el dise\u00f1o y construcci\u00f3n de piscinas. Ll\u00e1manos y te informamos de todas las opciones\",\"breadcrumb\":{\"@id\":\"https:\\\/\\\/piscinastxukun.com\\\/fr\\\/#breadcrumb\"},\"inLanguage\":\"fr-FR\",\"potentialAction\":[{\"@type\":\"ReadAction\",\"target\":[[\"https:\\\/\\\/piscinastxukun.com\\\/fr\\\/\"]]}]},{\"@type\":\"ImageObject\",\"inLanguage\":\"fr-FR\",\"@id\":\"https:\\\/\\\/piscinastxukun.com\\\/fr\\\/#primaryimage\",\"url\":\"https:\\\/\\\/piscinastxukun.com\\\/wp-content\\\/uploads\\\/2021\\\/07\\\/about-img-1.jpg\",\"contentUrl\":\"https:\\\/\\\/piscinastxukun.com\\\/wp-content\\\/uploads\\\/2021\\\/07\\\/about-img-1.jpg\",\"width\":636,\"height\":424},{\"@type\":\"BreadcrumbList\",\"@id\":\"https:\\\/\\\/piscinastxukun.com\\\/fr\\\/#breadcrumb\",\"itemListElement\":[{\"@type\":\"ListItem\",\"position\":1,\"name\":\"Portada\",\"item\":\"https:\\\/\\\/piscinastxukun.com\\\/fr\\\/\"},{\"@type\":\"ListItem\",\"position\":2,\"name\":\"Inicio\"}]},{\"@type\":\"WebSite\",\"@id\":\"https:\\\/\\\/piscinastxukun.com\\\/fr\\\/#website\",\"url\":\"https:\\\/\\\/piscinastxukun.com\\\/fr\\\/\",\"name\":\"Piscinas Txukun\",\"description\":\"\",\"potentialAction\":[{\"@type\":\"SearchAction\",\"target\":{\"@type\":\"EntryPoint\",\"urlTemplate\":\"https:\\\/\\\/piscinastxukun.com\\\/fr\\\/?s={search_term_string}\"},\"query-input\":{\"@type\":\"PropertyValueSpecification\",\"valueRequired\":true,\"valueName\":\"search_term_string\"}}],\"inLanguage\":\"fr-FR\"}]}<\/script>\n<!-- \/ Yoast SEO plugin. -->","yoast_head_json":{"title":"Accueil - Piscinas Txukun","description":"Empieza a disfrutar de tu propia piscina en tu casa. En Txukun Piscinas somos expertos en el dise\u00f1o y construcci\u00f3n de piscinas. Ll\u00e1manos y te informamos de todas las opciones","robots":{"index":"index","follow":"follow","max-snippet":"max-snippet:-1","max-image-preview":"max-image-preview:large","max-video-preview":"max-video-preview:-1"},"canonical":"https:\/\/piscinastxukun.com\/fr\/","og_locale":"fr_FR","og_type":"article","og_title":"Accueil - Piscinas Txukun","og_description":"Empieza a disfrutar de tu propia piscina en tu casa. En Txukun Piscinas somos expertos en el dise\u00f1o y construcci\u00f3n de piscinas. Ll\u00e1manos y te informamos de todas las opciones","og_url":"https:\/\/piscinastxukun.com\/fr\/","og_site_name":"Piscinas Txukun","article_modified_time":"2021-11-05T12:28:30+00:00","og_image":[{"width":636,"height":424,"url":"https:\/\/piscinastxukun.com\/wp-content\/uploads\/2021\/07\/about-img-1.jpg","type":"image\/jpeg"}],"twitter_card":"summary_large_image","twitter_misc":{"Dur\u00e9e de lecture estim\u00e9e":"1 minute"},"schema":{"@context":"https:\/\/schema.org","@graph":[{"@type":"WebPage","@id":"https:\/\/piscinastxukun.com\/fr\/","url":"https:\/\/piscinastxukun.com\/fr\/","name":"Accueil - Piscinas Txukun","isPartOf":{"@id":"https:\/\/piscinastxukun.com\/fr\/#website"},"primaryImageOfPage":{"@id":"https:\/\/piscinastxukun.com\/fr\/#primaryimage"},"image":{"@id":"https:\/\/piscinastxukun.com\/#primaryimage"},"thumbnailUrl":"https:\/\/piscinastxukun.com\/wp-content\/uploads\/2021\/07\/about-img-1.jpg","datePublished":"2021-07-09T10:54:18+00:00","dateModified":"2021-11-05T12:28:30+00:00","description":"Empieza a disfrutar de tu propia piscina en tu casa. En Txukun Piscinas somos expertos en el dise\u00f1o y construcci\u00f3n de piscinas. Ll\u00e1manos y te informamos de todas las opciones","breadcrumb":{"@id":"https:\/\/piscinastxukun.com\/fr\/#breadcrumb"},"inLanguage":"fr-FR","potentialAction":[{"@type":"ReadAction","target":[["https:\/\/piscinastxukun.com\/fr\/"]]}]},{"@type":"ImageObject","inLanguage":"fr-FR","@id":"https:\/\/piscinastxukun.com\/fr\/#primaryimage","url":"https:\/\/piscinastxukun.com\/wp-content\/uploads\/2021\/07\/about-img-1.jpg","contentUrl":"https:\/\/piscinastxukun.com\/wp-content\/uploads\/2021\/07\/about-img-1.jpg","width":636,"height":424},{"@type":"BreadcrumbList","@id":"https:\/\/piscinastxukun.com\/fr\/#breadcrumb","itemListElement":[{"@type":"ListItem","position":1,"name":"Portada","item":"https:\/\/piscinastxukun.com\/fr\/"},{"@type":"ListItem","position":2,"name":"Inicio"}]},{"@type":"WebSite","@id":"https:\/\/piscinastxukun.com\/fr\/#website","url":"https:\/\/piscinastxukun.com\/fr\/","name":"Piscinas Txukun","description":"","potentialAction":[{"@type":"SearchAction","target":{"@type":"EntryPoint","urlTemplate":"https:\/\/piscinastxukun.com\/fr\/?s={search_term_string}"},"query-input":{"@type":"PropertyValueSpecification","valueRequired":true,"valueName":"search_term_string"}}],"inLanguage":"fr-FR"}]}},"_links":{"self":[{"href":"https:\/\/piscinastxukun.com\/fr\/wp-json\/wp\/v2\/pages\/7","targetHints":{"allow":["GET"]}}],"collection":[{"href":"https:\/\/piscinastxukun.com\/fr\/wp-json\/wp\/v2\/pages"}],"about":[{"href":"https:\/\/piscinastxukun.com\/fr\/wp-json\/wp\/v2\/types\/page"}],"author":[{"embeddable":true,"href":"https:\/\/piscinastxukun.com\/fr\/wp-json\/wp\/v2\/users\/2"}],"replies":[{"embeddable":true,"href":"https:\/\/piscinastxukun.com\/fr\/wp-json\/wp\/v2\/comments?post=7"}],"version-history":[{"count":6,"href":"https:\/\/piscinastxukun.com\/fr\/wp-json\/wp\/v2\/pages\/7\/revisions"}],"predecessor-version":[{"id":96,"href":"https:\/\/piscinastxukun.com\/fr\/wp-json\/wp\/v2\/pages\/7\/revisions\/96"}],"wp:featuredmedia":[{"embeddable":true,"href":"https:\/\/piscinastxukun.com\/fr\/wp-json\/wp\/v2\/media\/36"}],"wp:attachment":[{"href":"https:\/\/piscinastxukun.com\/fr\/wp-json\/wp\/v2\/media?parent=7"}],"curies":[{"name":"wp","href":"https:\/\/api.w.org\/{rel}","templated":true}]}}