{"id":9,"date":"2021-07-09T10:56:24","date_gmt":"2021-07-09T10:56:24","guid":{"rendered":"http:\/\/localhost\/txukun\/?page_id=9"},"modified":"2021-11-05T12:28:50","modified_gmt":"2021-11-05T12:28:50","slug":"sobre-nosotros","status":"publish","type":"page","link":"https:\/\/piscinastxukun.com\/fr\/sobre-nosotros\/","title":{"rendered":"Qui sommes-nous"},"content":{"rendered":"<p><\/p>\n<h2>Votre service de confiance pour la gestion int\u00e9grale de piscines depuis 2001<\/h2>\n<p>En 20 ans d\u2019exp\u00e9rience en piscines, nous avons d\u00e9velopp\u00e9 des projets tr\u00e8s diff\u00e9rents. Aussi bien des piscines priv\u00e9es que des piscines publiques situ\u00e9es dans des installations sportives, mais toujours avec la m\u00eame m\u00e9thodologie de travail. En interpr\u00e9tant les besoins du client et en \u00e9tant l\u2019interlocuteur de confiance. <\/p>\n<p>Chaque projet est unique et notre \u00e9quipe travaille toujours pour donner \u00e0 chaque client la piscine qui s\u2019adapte le mieux \u00e0 ses besoins et envies. C\u2019est pourquoi, nous utilisons des mat\u00e9riaux de haute qualit\u00e9 pour une installation s\u00fbre et durable.<\/p>","protected":false},"excerpt":{"rendered":"<p>Votre service de confiance pour la gestion int\u00e9grale de piscines depuis 2001 En 20 ans d\u2019exp\u00e9rience en piscines, nous avons d\u00e9velopp\u00e9 des projets tr\u00e8s diff\u00e9rents. Aussi bien des piscines priv\u00e9es que des [&hellip;]<\/p>\n","protected":false},"author":2,"featured_media":51,"parent":0,"menu_order":0,"comment_status":"closed","ping_status":"closed","template":"","meta":{"_acf_changed":false,"footnotes":""},"class_list":["post-9","page","type-page","status-publish","has-post-thumbnail","hentry"],"acf":[],"yoast_head":"<!-- This site is optimized with the Yoast SEO plugin v27.4 - https:\/\/yoast.com\/product\/yoast-seo-wordpress\/ -->\n<title>Sobre nosotros - Piscinas Txukun<\/title>\n<meta name=\"description\" content=\"Txukun Piscinas, especialistas en la gesti\u00f3n integral de piscinas desde el a\u00f1o 2001. Nos encargamos del proceso completo de dise\u00f1o, construcci\u00f3n y mantenimiento de piscinas\" \/>\n<meta name=\"robots\" content=\"index, follow, max-snippet:-1, max-image-preview:large, max-video-preview:-1\" \/>\n<link rel=\"canonical\" href=\"https:\/\/piscinastxukun.com\/fr\/sobre-nosotros\/\" \/>\n<meta property=\"og:locale\" content=\"fr_FR\" \/>\n<meta property=\"og:type\" content=\"article\" \/>\n<meta property=\"og:title\" content=\"Sobre nosotros - Piscinas Txukun\" \/>\n<meta property=\"og:description\" content=\"Txukun Piscinas, especialistas en la gesti\u00f3n integral de piscinas desde el a\u00f1o 2001. Nos encargamos del proceso completo de dise\u00f1o, construcci\u00f3n y mantenimiento de piscinas\" \/>\n<meta property=\"og:url\" content=\"https:\/\/piscinastxukun.com\/fr\/sobre-nosotros\/\" \/>\n<meta property=\"og:site_name\" content=\"Piscinas Txukun\" \/>\n<meta property=\"article:modified_time\" content=\"2021-11-05T12:28:50+00:00\" \/>\n<meta property=\"og:image\" content=\"https:\/\/piscinastxukun.com\/wp-content\/uploads\/2021\/07\/about-img-2.png\" \/>\n\t<meta property=\"og:image:width\" content=\"795\" \/>\n\t<meta property=\"og:image:height\" content=\"604\" \/>\n\t<meta property=\"og:image:type\" content=\"image\/png\" \/>\n<meta name=\"twitter:card\" content=\"summary_large_image\" \/>\n<meta name=\"twitter:label1\" content=\"Dur\u00e9e de lecture estim\u00e9e\" \/>\n\t<meta name=\"twitter:data1\" content=\"1 minute\" \/>\n<script type=\"application\/ld+json\" class=\"yoast-schema-graph\">{\"@context\":\"https:\\\/\\\/schema.org\",\"@graph\":[{\"@type\":\"WebPage\",\"@id\":\"https:\\\/\\\/piscinastxukun.com\\\/fr\\\/sobre-nosotros\\\/\",\"url\":\"https:\\\/\\\/piscinastxukun.com\\\/fr\\\/sobre-nosotros\\\/\",\"name\":\"Sobre nosotros - Piscinas Txukun\",\"isPartOf\":{\"@id\":\"https:\\\/\\\/piscinastxukun.com\\\/fr\\\/#website\"},\"primaryImageOfPage\":{\"@id\":\"https:\\\/\\\/piscinastxukun.com\\\/fr\\\/sobre-nosotros\\\/#primaryimage\"},\"image\":{\"@id\":\"https:\\\/\\\/piscinastxukun.com\\\/sobre-nosotros\\\/#primaryimage\"},\"thumbnailUrl\":\"https:\\\/\\\/piscinastxukun.com\\\/wp-content\\\/uploads\\\/2021\\\/07\\\/about-img-2.png\",\"datePublished\":\"2021-07-09T10:56:24+00:00\",\"dateModified\":\"2021-11-05T12:28:50+00:00\",\"description\":\"Txukun Piscinas, especialistas en la gesti\u00f3n integral de piscinas desde el a\u00f1o 2001. Nos encargamos del proceso completo de dise\u00f1o, construcci\u00f3n y mantenimiento de piscinas\",\"breadcrumb\":{\"@id\":\"https:\\\/\\\/piscinastxukun.com\\\/fr\\\/sobre-nosotros\\\/#breadcrumb\"},\"inLanguage\":\"fr-FR\",\"potentialAction\":[{\"@type\":\"ReadAction\",\"target\":[[\"https:\\\/\\\/piscinastxukun.com\\\/fr\\\/sobre-nosotros\\\/\"]]}]},{\"@type\":\"ImageObject\",\"inLanguage\":\"fr-FR\",\"@id\":\"https:\\\/\\\/piscinastxukun.com\\\/fr\\\/sobre-nosotros\\\/#primaryimage\",\"url\":\"https:\\\/\\\/piscinastxukun.com\\\/wp-content\\\/uploads\\\/2021\\\/07\\\/about-img-2.png\",\"contentUrl\":\"https:\\\/\\\/piscinastxukun.com\\\/wp-content\\\/uploads\\\/2021\\\/07\\\/about-img-2.png\",\"width\":795,\"height\":604},{\"@type\":\"BreadcrumbList\",\"@id\":\"https:\\\/\\\/piscinastxukun.com\\\/fr\\\/sobre-nosotros\\\/#breadcrumb\",\"itemListElement\":[{\"@type\":\"ListItem\",\"position\":1,\"name\":\"Portada\",\"item\":\"https:\\\/\\\/piscinastxukun.com\\\/fr\\\/\"},{\"@type\":\"ListItem\",\"position\":2,\"name\":\"Sobre nosotros\"}]},{\"@type\":\"WebSite\",\"@id\":\"https:\\\/\\\/piscinastxukun.com\\\/fr\\\/#website\",\"url\":\"https:\\\/\\\/piscinastxukun.com\\\/fr\\\/\",\"name\":\"Piscinas Txukun\",\"description\":\"\",\"potentialAction\":[{\"@type\":\"SearchAction\",\"target\":{\"@type\":\"EntryPoint\",\"urlTemplate\":\"https:\\\/\\\/piscinastxukun.com\\\/fr\\\/?s={search_term_string}\"},\"query-input\":{\"@type\":\"PropertyValueSpecification\",\"valueRequired\":true,\"valueName\":\"search_term_string\"}}],\"inLanguage\":\"fr-FR\"}]}<\/script>\n<!-- \/ Yoast SEO plugin. -->","yoast_head_json":{"title":"Sobre nosotros - Piscinas Txukun","description":"Txukun Piscinas, especialistas en la gesti\u00f3n integral de piscinas desde el a\u00f1o 2001. Nos encargamos del proceso completo de dise\u00f1o, construcci\u00f3n y mantenimiento de piscinas","robots":{"index":"index","follow":"follow","max-snippet":"max-snippet:-1","max-image-preview":"max-image-preview:large","max-video-preview":"max-video-preview:-1"},"canonical":"https:\/\/piscinastxukun.com\/fr\/sobre-nosotros\/","og_locale":"fr_FR","og_type":"article","og_title":"Sobre nosotros - Piscinas Txukun","og_description":"Txukun Piscinas, especialistas en la gesti\u00f3n integral de piscinas desde el a\u00f1o 2001. Nos encargamos del proceso completo de dise\u00f1o, construcci\u00f3n y mantenimiento de piscinas","og_url":"https:\/\/piscinastxukun.com\/fr\/sobre-nosotros\/","og_site_name":"Piscinas Txukun","article_modified_time":"2021-11-05T12:28:50+00:00","og_image":[{"width":795,"height":604,"url":"https:\/\/piscinastxukun.com\/wp-content\/uploads\/2021\/07\/about-img-2.png","type":"image\/png"}],"twitter_card":"summary_large_image","twitter_misc":{"Dur\u00e9e de lecture estim\u00e9e":"1 minute"},"schema":{"@context":"https:\/\/schema.org","@graph":[{"@type":"WebPage","@id":"https:\/\/piscinastxukun.com\/fr\/sobre-nosotros\/","url":"https:\/\/piscinastxukun.com\/fr\/sobre-nosotros\/","name":"Sobre nosotros - Piscinas Txukun","isPartOf":{"@id":"https:\/\/piscinastxukun.com\/fr\/#website"},"primaryImageOfPage":{"@id":"https:\/\/piscinastxukun.com\/fr\/sobre-nosotros\/#primaryimage"},"image":{"@id":"https:\/\/piscinastxukun.com\/sobre-nosotros\/#primaryimage"},"thumbnailUrl":"https:\/\/piscinastxukun.com\/wp-content\/uploads\/2021\/07\/about-img-2.png","datePublished":"2021-07-09T10:56:24+00:00","dateModified":"2021-11-05T12:28:50+00:00","description":"Txukun Piscinas, especialistas en la gesti\u00f3n integral de piscinas desde el a\u00f1o 2001. Nos encargamos del proceso completo de dise\u00f1o, construcci\u00f3n y mantenimiento de piscinas","breadcrumb":{"@id":"https:\/\/piscinastxukun.com\/fr\/sobre-nosotros\/#breadcrumb"},"inLanguage":"fr-FR","potentialAction":[{"@type":"ReadAction","target":[["https:\/\/piscinastxukun.com\/fr\/sobre-nosotros\/"]]}]},{"@type":"ImageObject","inLanguage":"fr-FR","@id":"https:\/\/piscinastxukun.com\/fr\/sobre-nosotros\/#primaryimage","url":"https:\/\/piscinastxukun.com\/wp-content\/uploads\/2021\/07\/about-img-2.png","contentUrl":"https:\/\/piscinastxukun.com\/wp-content\/uploads\/2021\/07\/about-img-2.png","width":795,"height":604},{"@type":"BreadcrumbList","@id":"https:\/\/piscinastxukun.com\/fr\/sobre-nosotros\/#breadcrumb","itemListElement":[{"@type":"ListItem","position":1,"name":"Portada","item":"https:\/\/piscinastxukun.com\/fr\/"},{"@type":"ListItem","position":2,"name":"Sobre nosotros"}]},{"@type":"WebSite","@id":"https:\/\/piscinastxukun.com\/fr\/#website","url":"https:\/\/piscinastxukun.com\/fr\/","name":"Piscinas Txukun","description":"","potentialAction":[{"@type":"SearchAction","target":{"@type":"EntryPoint","urlTemplate":"https:\/\/piscinastxukun.com\/fr\/?s={search_term_string}"},"query-input":{"@type":"PropertyValueSpecification","valueRequired":true,"valueName":"search_term_string"}}],"inLanguage":"fr-FR"}]}},"_links":{"self":[{"href":"https:\/\/piscinastxukun.com\/fr\/wp-json\/wp\/v2\/pages\/9","targetHints":{"allow":["GET"]}}],"collection":[{"href":"https:\/\/piscinastxukun.com\/fr\/wp-json\/wp\/v2\/pages"}],"about":[{"href":"https:\/\/piscinastxukun.com\/fr\/wp-json\/wp\/v2\/types\/page"}],"author":[{"embeddable":true,"href":"https:\/\/piscinastxukun.com\/fr\/wp-json\/wp\/v2\/users\/2"}],"replies":[{"embeddable":true,"href":"https:\/\/piscinastxukun.com\/fr\/wp-json\/wp\/v2\/comments?post=9"}],"version-history":[{"count":6,"href":"https:\/\/piscinastxukun.com\/fr\/wp-json\/wp\/v2\/pages\/9\/revisions"}],"predecessor-version":[{"id":100,"href":"https:\/\/piscinastxukun.com\/fr\/wp-json\/wp\/v2\/pages\/9\/revisions\/100"}],"wp:featuredmedia":[{"embeddable":true,"href":"https:\/\/piscinastxukun.com\/fr\/wp-json\/wp\/v2\/media\/51"}],"wp:attachment":[{"href":"https:\/\/piscinastxukun.com\/fr\/wp-json\/wp\/v2\/media?parent=9"}],"curies":[{"name":"wp","href":"https:\/\/api.w.org\/{rel}","templated":true}]}}